{"id":517,"date":"2023-04-19T11:28:55","date_gmt":"2023-04-19T09:28:55","guid":{"rendered":"https:\/\/skolkahaj.cz\/smolkov\/?page_id=517"},"modified":"2023-04-24T15:27:49","modified_gmt":"2023-04-24T13:27:49","slug":"sdruzeni-rodicu","status":"publish","type":"page","link":"https:\/\/skolkahaj.cz\/smolkov\/sdruzeni-rodicu\/","title":{"rendered":"Sdru\u017een\u00ed rodi\u010d\u016f"},"content":{"rendered":"<h1>Sdru\u017een\u00ed rodi\u010d\u016f<\/h1>\n<p>P\u0159i Mate\u0159sk\u00e9 \u0161kole H\u00e1j ve Slezsku pracuje <strong>Spolek Smol\u00ed\u010dek. I\u010c: 270 12 883<\/strong><\/p>\n<p>Ob\u010dansk\u00e9 sdru\u017een\u00ed slou\u017e\u00ed k organizov\u00e1n\u00ed akc\u00ed pro d\u011bti mate\u0159sk\u00e9 \u0161koly a k jejich financov\u00e1n\u00ed.\u00a0Jeho c\u00edlem je kvalitn\u00ed spolupr\u00e1ce a komunikace mezi rodi\u010di a zam\u011bstnanci mate\u0159sk\u00e9 \u0161koly.\u00a0D\u00e1le spolupr\u00e1ce s jin\u00fdmi sdru\u017een\u00edmi, org\u00e1ny m\u00edstn\u00edch samospr\u00e1v a neziskov\u00fdmi organizacemi\u00a0a z\u00edsk\u00e1v\u00e1n\u00ed nov\u00fdch subjekt\u016f ke spolupr\u00e1ci v r\u00e1mci obce, ale i okol\u00ed.\u00a0Z\u00edsk\u00e1v\u00e1n\u00ed materi\u00e1ln\u00ed podpory pro rozvoj mate\u0159sk\u00e9 \u0161koly.<\/p>\n<p>\u010clenov\u00e9 sdru\u017een\u00ed jsou v\u0161ichni rodi\u010de mate\u0159sk\u00e9 \u0161koly H\u00e1j ve Slezsku &#8211; Smolkov, kte\u0159\u00ed se sch\u00e1zej\u00ed zpravidla 2x ro\u010dn\u011b. Ka\u017ed\u00fdm \u0161koln\u00edm rokem si schvaluj\u00ed \u010dleny rady, p\u0159edsedu, hospod\u00e1\u0159e a p\u0159\u00edsp\u011bvek na \u010dinnost.<\/p>\n","protected":false},"excerpt":{"rendered":"<p>Sdru\u017een\u00ed rodi\u010d\u016f P\u0159i Mate\u0159sk\u00e9 \u0161kole H\u00e1j ve Slezsku pracuje Spolek Smol\u00ed\u010dek. I\u010c: 270 12 883 Ob\u010dansk\u00e9 sdru\u017een\u00ed slou\u017e\u00ed k organizov\u00e1n\u00ed akc\u00ed pro d\u011bti mate\u0159sk\u00e9 \u0161koly a k jejich financov\u00e1n\u00ed.\u00a0Jeho c\u00edlem je kvalitn\u00ed spolupr\u00e1ce a komunikace mezi rodi\u010di a zam\u011bstnanci mate\u0159sk\u00e9 \u0161koly.\u00a0D\u00e1le spolupr\u00e1ce s jin\u00fdmi sdru\u017een\u00edmi, org\u00e1ny m\u00edstn\u00edch samospr\u00e1v a neziskov\u00fdmi organizacemi\u00a0a z\u00edsk\u00e1v\u00e1n\u00ed nov\u00fdch subjekt\u016f ke [&hellip;]<\/p>\n","protected":false},"author":3,"featured_media":0,"parent":0,"menu_order":0,"comment_status":"closed","ping_status":"closed","template":"","meta":[],"_links":{"self":[{"href":"https:\/\/skolkahaj.cz\/smolkov\/wp-json\/wp\/v2\/pages\/517"}],"collection":[{"href":"https:\/\/skolkahaj.cz\/smolkov\/wp-json\/wp\/v2\/pages"}],"about":[{"href":"https:\/\/skolkahaj.cz\/smolkov\/wp-json\/wp\/v2\/types\/page"}],"author":[{"embeddable":true,"href":"https:\/\/skolkahaj.cz\/smolkov\/wp-json\/wp\/v2\/users\/3"}],"replies":[{"embeddable":true,"href":"https:\/\/skolkahaj.cz\/smolkov\/wp-json\/wp\/v2\/comments?post=517"}],"version-history":[{"count":5,"href":"https:\/\/skolkahaj.cz\/smolkov\/wp-json\/wp\/v2\/pages\/517\/revisions"}],"predecessor-version":[{"id":553,"href":"https:\/\/skolkahaj.cz\/smolkov\/wp-json\/wp\/v2\/pages\/517\/revisions\/553"}],"wp:attachment":[{"href":"https:\/\/skolkahaj.cz\/smolkov\/wp-json\/wp\/v2\/media?parent=517"}],"curies":[{"name":"wp","href":"https:\/\/api.w.org\/{rel}","templated":true}]}}