{"id":50,"date":"2022-08-29T13:00:27","date_gmt":"2022-08-29T11:00:27","guid":{"rendered":"https:\/\/skolkahaj.cz.uvirt121.active24.cz\/smolkov\/?page_id=50"},"modified":"2022-12-05T16:38:41","modified_gmt":"2022-12-05T15:38:41","slug":"%f0%9f%93%b7-fotogalerie-smolkov","status":"publish","type":"page","link":"https:\/\/skolkahaj.cz\/smolkov\/%f0%9f%93%b7-fotogalerie-smolkov\/","title":{"rendered":"Jak to u n\u00e1s vypad\u00e1"},"content":{"rendered":"<h1>\ud83d\udcf7 Jak to u n\u00e1s vypad\u00e1<\/h1>\n<h2>Interi\u00e9r<\/h2>\n<div id=\"gallery-50\" class=\"gallery\"><div class=\"gallery-item\"><a href='https:\/\/skolkahaj.cz\/smolkov\/%f0%9f%93%b7-fotogalerie-smolkov\/img-20220915-wa0022\/'><img width=\"150\" height=\"150\" src=\"https:\/\/skolkahaj.cz\/smolkov\/wp-content\/uploads\/sites\/3\/2022\/11\/IMG-20220915-WA0022-150x150.jpg\" class=\"attachment-thumbnail size-thumbnail\" alt=\"\" loading=\"lazy\" \/><\/a><span class=\"gallery-item-caption\">IMG-20220915-WA0022<\/span><\/figure><\/div><div class=\"gallery-item\"><a href='https:\/\/skolkahaj.cz\/smolkov\/%f0%9f%93%b7-fotogalerie-smolkov\/img-20220915-wa0023\/'><img width=\"150\" height=\"150\" src=\"https:\/\/skolkahaj.cz\/smolkov\/wp-content\/uploads\/sites\/3\/2022\/11\/IMG-20220915-WA0023-150x150.jpg\" class=\"attachment-thumbnail size-thumbnail\" alt=\"\" loading=\"lazy\" \/><\/a><span class=\"gallery-item-caption\">IMG-20220915-WA0023<\/span><\/figure><\/div><div class=\"gallery-item\"><a href='https:\/\/skolkahaj.cz\/smolkov\/%f0%9f%93%b7-fotogalerie-smolkov\/img-20220915-wa0024\/'><img width=\"150\" height=\"150\" src=\"https:\/\/skolkahaj.cz\/smolkov\/wp-content\/uploads\/sites\/3\/2022\/11\/IMG-20220915-WA0024-150x150.jpg\" class=\"attachment-thumbnail size-thumbnail\" alt=\"\" loading=\"lazy\" \/><\/a><span class=\"gallery-item-caption\">IMG-20220915-WA0024<\/span><\/figure><\/div><div class=\"gallery-item\"><a href='https:\/\/skolkahaj.cz\/smolkov\/%f0%9f%93%b7-fotogalerie-smolkov\/img-20220915-wa0025\/'><img width=\"150\" height=\"150\" src=\"https:\/\/skolkahaj.cz\/smolkov\/wp-content\/uploads\/sites\/3\/2022\/11\/IMG-20220915-WA0025-150x150.jpg\" class=\"attachment-thumbnail size-thumbnail\" alt=\"\" loading=\"lazy\" \/><\/a><span class=\"gallery-item-caption\">IMG-20220915-WA0025<\/span><\/figure><\/div><div class=\"gallery-item\"><a href='https:\/\/skolkahaj.cz\/smolkov\/%f0%9f%93%b7-fotogalerie-smolkov\/img-20220915-wa0026\/'><img width=\"150\" height=\"150\" src=\"https:\/\/skolkahaj.cz\/smolkov\/wp-content\/uploads\/sites\/3\/2022\/11\/IMG-20220915-WA0026-150x150.jpg\" class=\"attachment-thumbnail size-thumbnail\" alt=\"\" loading=\"lazy\" \/><\/a><span class=\"gallery-item-caption\">IMG-20220915-WA0026<\/span><\/figure><\/div><div class=\"gallery-item\"><a href='https:\/\/skolkahaj.cz\/smolkov\/%f0%9f%93%b7-fotogalerie-smolkov\/img-20220915-wa0027\/'><img width=\"150\" height=\"150\" src=\"https:\/\/skolkahaj.cz\/smolkov\/wp-content\/uploads\/sites\/3\/2022\/11\/IMG-20220915-WA0027-150x150.jpg\" class=\"attachment-thumbnail size-thumbnail\" alt=\"\" loading=\"lazy\" \/><\/a><span class=\"gallery-item-caption\">IMG-20220915-WA0027<\/span><\/figure><\/div><div class=\"gallery-item\"><a href='https:\/\/skolkahaj.cz\/smolkov\/%f0%9f%93%b7-fotogalerie-smolkov\/img-20220915-wa0028\/'><img width=\"150\" height=\"150\" src=\"https:\/\/skolkahaj.cz\/smolkov\/wp-content\/uploads\/sites\/3\/2022\/11\/IMG-20220915-WA0028-150x150.jpg\" class=\"attachment-thumbnail size-thumbnail\" alt=\"\" loading=\"lazy\" \/><\/a><span class=\"gallery-item-caption\">IMG-20220915-WA0028<\/span><\/figure><\/div><div class=\"gallery-item\"><a href='https:\/\/skolkahaj.cz\/smolkov\/%f0%9f%93%b7-fotogalerie-smolkov\/img-20220915-wa0029\/'><img width=\"150\" height=\"150\" src=\"https:\/\/skolkahaj.cz\/smolkov\/wp-content\/uploads\/sites\/3\/2022\/11\/IMG-20220915-WA0029-150x150.jpg\" class=\"attachment-thumbnail size-thumbnail\" alt=\"\" loading=\"lazy\" \/><\/a><span class=\"gallery-item-caption\">IMG-20220915-WA0029<\/span><\/figure><\/div><div class=\"gallery-item\"><a href='https:\/\/skolkahaj.cz\/smolkov\/%f0%9f%93%b7-fotogalerie-smolkov\/img-20220915-wa0030\/'><img width=\"150\" height=\"150\" src=\"https:\/\/skolkahaj.cz\/smolkov\/wp-content\/uploads\/sites\/3\/2022\/11\/IMG-20220915-WA0030-150x150.jpg\" class=\"attachment-thumbnail size-thumbnail\" alt=\"\" loading=\"lazy\" \/><\/a><span class=\"gallery-item-caption\">IMG-20220915-WA0030<\/span><\/figure><\/div><div class=\"gallery-item\"><a href='https:\/\/skolkahaj.cz\/smolkov\/%f0%9f%93%b7-fotogalerie-smolkov\/img-20220915-wa0031\/'><img width=\"150\" height=\"150\" src=\"https:\/\/skolkahaj.cz\/smolkov\/wp-content\/uploads\/sites\/3\/2022\/11\/IMG-20220915-WA0031-150x150.jpg\" class=\"attachment-thumbnail size-thumbnail\" alt=\"\" loading=\"lazy\" \/><\/a><span class=\"gallery-item-caption\">IMG-20220915-WA0031<\/span><\/figure><\/div><\/div>\n","protected":false},"excerpt":{"rendered":"<p>\ud83d\udcf7 Jak to u n\u00e1s vypad\u00e1 Interi\u00e9r<\/p>\n","protected":false},"author":3,"featured_media":0,"parent":0,"menu_order":0,"comment_status":"closed","ping_status":"closed","template":"","meta":[],"_links":{"self":[{"href":"https:\/\/skolkahaj.cz\/smolkov\/wp-json\/wp\/v2\/pages\/50"}],"collection":[{"href":"https:\/\/skolkahaj.cz\/smolkov\/wp-json\/wp\/v2\/pages"}],"about":[{"href":"https:\/\/skolkahaj.cz\/smolkov\/wp-json\/wp\/v2\/types\/page"}],"author":[{"embeddable":true,"href":"https:\/\/skolkahaj.cz\/smolkov\/wp-json\/wp\/v2\/users\/3"}],"replies":[{"embeddable":true,"href":"https:\/\/skolkahaj.cz\/smolkov\/wp-json\/wp\/v2\/comments?post=50"}],"version-history":[{"count":4,"href":"https:\/\/skolkahaj.cz\/smolkov\/wp-json\/wp\/v2\/pages\/50\/revisions"}],"predecessor-version":[{"id":129,"href":"https:\/\/skolkahaj.cz\/smolkov\/wp-json\/wp\/v2\/pages\/50\/revisions\/129"}],"wp:attachment":[{"href":"https:\/\/skolkahaj.cz\/smolkov\/wp-json\/wp\/v2\/media?parent=50"}],"curies":[{"name":"wp","href":"https:\/\/api.w.org\/{rel}","templated":true}]}}