{"id":39,"date":"2022-08-21T11:00:26","date_gmt":"2022-08-21T09:00:26","guid":{"rendered":"https:\/\/skolkahaj.cz.uvirt121.active24.cz\/smolkov\/?page_id=39"},"modified":"2025-09-05T07:49:50","modified_gmt":"2025-09-05T05:49:50","slug":"kontakt","status":"publish","type":"page","link":"https:\/\/skolkahaj.cz\/smolkov\/kontakt\/","title":{"rendered":"\u260e\ufe0f Kontakt"},"content":{"rendered":"<h1>Kontakt<\/h1>\n<p>Mate\u0159sk\u00e1 \u0161kola Smolkov &#8211; odlou\u010den\u00e9 pracovi\u0161t\u011b<br \/>\nVan\u010durova 79, H\u00e1j ve Slezsku &#8211; Smolkov 747 92<\/p>\n<p><strong>vedouc\u00ed u\u010ditelka:<\/strong> Tereza Jur\u0161ov\u00e1 Such\u00e1nkov\u00e1<br \/>\n<strong>telefon:<\/strong> +420 553 773 190<br \/>\n<strong>mob.:<\/strong> +420 734 151 071<br \/>\n<strong>e-mail:<\/strong> smolkov@skolkahaj.cz<\/p>\n<h2>Mapa<\/h2>\n<h2>Hlavn\u00ed pracovi\u0161t\u011b<\/h2>\n<p>Mate\u0159sk\u00e1 \u0161kola H\u00e1j ve Slezsku, p\u0159\u00edsp\u011bvkov\u00e1 organizace<br \/>\n\u0160koln\u00ed 48, H\u00e1j ve Slezsku 747 92<\/p>\n<p><strong>\u0159editelka:<\/strong> Alice Hrano\u0161ov\u00e1<br \/>\n<strong>telefon:<\/strong> +420 553 773 339<br \/>\nmob. M\u0160: + 420 734 151 070<br \/>\ne-mail: skolkahaj@skolkahaj.cz<\/p>\n<p>www.skolkahaj.cz<br \/>\nI\u010c: 478 13 202<\/p>\n<p>&nbsp;<\/p>\n","protected":false},"excerpt":{"rendered":"<p>Kontakt Mate\u0159sk\u00e1 \u0161kola Smolkov &#8211; odlou\u010den\u00e9 pracovi\u0161t\u011b Van\u010durova 79, H\u00e1j ve Slezsku &#8211; Smolkov 747 92 vedouc\u00ed u\u010ditelka: Tereza Jur\u0161ov\u00e1 Such\u00e1nkov\u00e1 telefon: +420 553 773 190 mob.: +420 734 151 071 e-mail: smolkov@skolkahaj.cz Mapa Hlavn\u00ed pracovi\u0161t\u011b Mate\u0159sk\u00e1 \u0161kola H\u00e1j ve Slezsku, p\u0159\u00edsp\u011bvkov\u00e1 organizace \u0160koln\u00ed 48, H\u00e1j ve Slezsku 747 92 \u0159editelka: Alice Hrano\u0161ov\u00e1 telefon: +420 [&hellip;]<\/p>\n","protected":false},"author":3,"featured_media":0,"parent":0,"menu_order":0,"comment_status":"closed","ping_status":"closed","template":"","meta":[],"_links":{"self":[{"href":"https:\/\/skolkahaj.cz\/smolkov\/wp-json\/wp\/v2\/pages\/39"}],"collection":[{"href":"https:\/\/skolkahaj.cz\/smolkov\/wp-json\/wp\/v2\/pages"}],"about":[{"href":"https:\/\/skolkahaj.cz\/smolkov\/wp-json\/wp\/v2\/types\/page"}],"author":[{"embeddable":true,"href":"https:\/\/skolkahaj.cz\/smolkov\/wp-json\/wp\/v2\/users\/3"}],"replies":[{"embeddable":true,"href":"https:\/\/skolkahaj.cz\/smolkov\/wp-json\/wp\/v2\/comments?post=39"}],"version-history":[{"count":6,"href":"https:\/\/skolkahaj.cz\/smolkov\/wp-json\/wp\/v2\/pages\/39\/revisions"}],"predecessor-version":[{"id":1242,"href":"https:\/\/skolkahaj.cz\/smolkov\/wp-json\/wp\/v2\/pages\/39\/revisions\/1242"}],"wp:attachment":[{"href":"https:\/\/skolkahaj.cz\/smolkov\/wp-json\/wp\/v2\/media?parent=39"}],"curies":[{"name":"wp","href":"https:\/\/api.w.org\/{rel}","templated":true}]}}