{"id":22,"date":"2022-08-21T10:53:53","date_gmt":"2022-08-21T08:53:53","guid":{"rendered":"https:\/\/skolkahaj.cz.uvirt121.active24.cz\/smolkov\/?page_id=22"},"modified":"2024-04-26T13:25:56","modified_gmt":"2024-04-26T11:25:56","slug":"svp","status":"publish","type":"page","link":"https:\/\/skolkahaj.cz\/smolkov\/svp\/","title":{"rendered":"\u0160VP"},"content":{"rendered":"<h1>\u0160koln\u00ed vzd\u011bl\u00e1vac\u00ed program<\/h1>\n<p>Na\u0161e mate\u0159sk\u00e1 \u0161kola stav\u00ed na\u00a0tom, co je p\u0159irozen\u00e9, respektuje specifick\u00e9 zvl\u00e1\u0161tnosti jednotliv\u00fdch d\u011bt\u00ed, r\u016fzn\u00e9 tempo jejich rozvoje a\u00a0u\u010den\u00ed, jejich rozd\u00edlnou soci\u00e1ln\u00ed zku\u0161enost, r\u016fzn\u00e9 z\u00e1jmy \u2026<\/p>\n<p>Na\u0161e motto:<strong>\u00a0\u0160\u0164ASTN\u00c9 D\u00cdT\u011a A\u00a0SPOKOJEN\u00dd RODI\u010c<\/strong><\/p>\n<p>&nbsp;<\/p>\n<p>Program mate\u0159sk\u00e9 \u0161koly<\/p>\n<p><span style=\"font-size: 24pt;\"><strong><span style=\"color: #ff00ff;\">B<\/span><span style=\"color: #00ff00;\">A<\/span><span style=\"color: #0000ff;\">R<\/span><span style=\"color: #ff9900;\">E<\/span>V<span style=\"color: #cc99ff;\">N<\/span><span style=\"color: #ff0000;\">\u00c1\u00a0<\/span><span style=\"color: #00ccff;\">\u0160<\/span><span style=\"color: #993366;\">K<\/span><span style=\"color: #ff9900;\">O<\/span><span style=\"color: #000080;\">L<\/span><span style=\"color: #008080;\">K<\/span><span style=\"color: #ff6600;\">A<\/span><\/strong><\/span><\/p>\n<p>N\u00e1\u0161 c\u00edl: Aby d\u00edt\u011b, kter\u00e9 odch\u00e1z\u00ed z\u00a0na\u0161ich M\u0160, z\u00edskalo z\u00e1kladn\u00ed poznatky<br \/>\no\u00a0sv\u011bt\u011b v\u00a0souvislostech, aby r\u00e1do objevovalo kr\u00e1sy a\u00a0pozoruhodnosti kolem sebe,<br \/>\naby bylo samostatn\u00e9, um\u011blo za\u00a0sebou uklidit, um\u011blo se prosadit,<br \/>\naby um\u011blo pozdravit, po\u017e\u00e1dat, pod\u011bkovat, aby bylo slu\u0161n\u00e9<br \/>\nk\u00a0dosp\u011bl\u00fdm i\u00a0d\u011btem, aby bylo kamar\u00e1dsk\u00e9 a\u00a0\u0161\u0165astn\u00e9.<\/p>\n<p>D\u011bti pozn\u00e1vaj\u00ed sv\u011bt kolem sebe, osvojuj\u00ed si spole\u010densk\u00e9 dovednosti a rozv\u00edjej\u00ed sv\u00e9 intelektu\u00e1ln\u00ed a tv\u016fr\u010d\u00ed schopnosti. To v\u0161e se d\u011bje formou hry, objevov\u00e1n\u00edm nov\u00fdch skute\u010dnost\u00ed a osvojov\u00e1n\u00edm si dovednost\u00ed v\u00a0p\u0159irozen\u00e9m prost\u0159ed\u00ed a\u00a0pozitivn\u00ed atmosf\u00e9\u0159e.<\/p>\n<p>Nejd\u016fle\u017eit\u011bj\u0161\u00ed pro\u00a0ka\u017ed\u00e9 d\u00edt\u011b je, jak se u\u00a0n\u00e1s v\u00a0mate\u0159sk\u00e9 \u0161kole c\u00edt\u00ed a\u00a0co pro\u017e\u00edv\u00e1.<\/p>\n<p>Na\u0161e kr\u00e9do: Vychov\u00e1vat d\u011bti s\u00a0porozum\u011bn\u00edm a\u00a0l\u00e1skou, b\u00fdt mu vzorem a\u00a0oporou.<\/p>\n<p>Jednotliv\u00e9 denn\u00ed programy na\u00a0t\u0159\u00edd\u00e1ch vych\u00e1zej\u00ed ze\u00a0skupiny d\u011bt\u00ed na\u00a0t\u0159\u00edd\u011b, navazuj\u00ed na\u00a0v\u011bci<br \/>\na sv\u011bt kolem n\u00e1s. Pe\u010dliv\u00fdm v\u00fdb\u011brem tematick\u00fdch celk\u016f (projekt\u016f) zaji\u0161\u0165ujeme jejich kontinuitu s prol\u00edn\u00e1n\u00edm jednotliv\u00fdmi oblastmi v\u00fduky. (Viz. projekty jednotliv\u00fdch t\u0159\u00edd \u2013 t\u0159\u00eddn\u00ed vzd\u011bl\u00e1vac\u00ed programy).<\/p>\n<p>Vzd\u011bl\u00e1v\u00e1n\u00ed na\u00a0na\u0161\u00ed M\u0160 se uskute\u010d\u0148uje podle st\u00e1tn\u00edho r\u00e1mcov\u00e9ho programu pro\u00a0p\u0159ed\u0161koln\u00ed vzd\u011bl\u00e1v\u00e1n\u00ed vydan\u00e9ho M\u0160MT.<\/p>\n","protected":false},"excerpt":{"rendered":"<p>\u0160koln\u00ed vzd\u011bl\u00e1vac\u00ed program Na\u0161e mate\u0159sk\u00e1 \u0161kola stav\u00ed na\u00a0tom, co je p\u0159irozen\u00e9, respektuje specifick\u00e9 zvl\u00e1\u0161tnosti jednotliv\u00fdch d\u011bt\u00ed, r\u016fzn\u00e9 tempo jejich rozvoje a\u00a0u\u010den\u00ed, jejich rozd\u00edlnou soci\u00e1ln\u00ed zku\u0161enost, r\u016fzn\u00e9 z\u00e1jmy \u2026 Na\u0161e motto:\u00a0\u0160\u0164ASTN\u00c9 D\u00cdT\u011a A\u00a0SPOKOJEN\u00dd RODI\u010c &nbsp; Program mate\u0159sk\u00e9 \u0161koly BAREVN\u00c1\u00a0\u0160KOLKA N\u00e1\u0161 c\u00edl: Aby d\u00edt\u011b, kter\u00e9 odch\u00e1z\u00ed z\u00a0na\u0161ich M\u0160, z\u00edskalo z\u00e1kladn\u00ed poznatky o\u00a0sv\u011bt\u011b v\u00a0souvislostech, aby r\u00e1do objevovalo kr\u00e1sy [&hellip;]<\/p>\n","protected":false},"author":3,"featured_media":0,"parent":0,"menu_order":0,"comment_status":"closed","ping_status":"closed","template":"","meta":[],"_links":{"self":[{"href":"https:\/\/skolkahaj.cz\/smolkov\/wp-json\/wp\/v2\/pages\/22"}],"collection":[{"href":"https:\/\/skolkahaj.cz\/smolkov\/wp-json\/wp\/v2\/pages"}],"about":[{"href":"https:\/\/skolkahaj.cz\/smolkov\/wp-json\/wp\/v2\/types\/page"}],"author":[{"embeddable":true,"href":"https:\/\/skolkahaj.cz\/smolkov\/wp-json\/wp\/v2\/users\/3"}],"replies":[{"embeddable":true,"href":"https:\/\/skolkahaj.cz\/smolkov\/wp-json\/wp\/v2\/comments?post=22"}],"version-history":[{"count":4,"href":"https:\/\/skolkahaj.cz\/smolkov\/wp-json\/wp\/v2\/pages\/22\/revisions"}],"predecessor-version":[{"id":905,"href":"https:\/\/skolkahaj.cz\/smolkov\/wp-json\/wp\/v2\/pages\/22\/revisions\/905"}],"wp:attachment":[{"href":"https:\/\/skolkahaj.cz\/smolkov\/wp-json\/wp\/v2\/media?parent=22"}],"curies":[{"name":"wp","href":"https:\/\/api.w.org\/{rel}","templated":true}]}}