{"id":92,"date":"2022-10-03T09:28:54","date_gmt":"2022-10-03T07:28:54","guid":{"rendered":"https:\/\/skolkahaj.cz.uvirt121.active24.cz\/lhota\/?page_id=92"},"modified":"2025-10-01T10:34:06","modified_gmt":"2025-10-01T08:34:06","slug":"tym","status":"publish","type":"page","link":"https:\/\/skolkahaj.cz\/lhota\/tym\/","title":{"rendered":"T\u00fdm"},"content":{"rendered":"<h1>T\u00fdm<\/h1>\n<div id=\"text\">\n<div id=\"right\">\n<div id=\"volne_texty\">\n<div class=\"special_odkaz\">\n<p><span style=\"color: #93c71e\"><strong><span style=\"font-family: tahoma, arial, helvetica, sans-serif;font-size: 18pt\">Zelen\u00e1<\/span><\/strong><\/span><\/p>\n<table style=\"height: 822px;width: 100%;border-collapse: collapse;border-color: #1bc42f;border-style: hidden\">\n<tbody>\n<tr style=\"height: 307px\">\n<td style=\"width: 28.1023%;height: 307px\"><img loading=\"lazy\" class=\"alignnone size-medium wp-image-79\" src=\"https:\/\/skolkahaj.cz\/lhota\/wp-content\/uploads\/sites\/2\/2022\/09\/Lucie-Trnc\u030ca\u0301kova\u0301-kresba-212x300.png\" alt=\"\" width=\"212\" height=\"300\" srcset=\"https:\/\/skolkahaj.cz\/lhota\/wp-content\/uploads\/sites\/2\/2022\/09\/Lucie-Trnc\u030ca\u0301kova\u0301-kresba-212x300.png 212w, https:\/\/skolkahaj.cz\/lhota\/wp-content\/uploads\/sites\/2\/2022\/09\/Lucie-Trnc\u030ca\u0301kova\u0301-kresba.png 335w\" sizes=\"(max-width: 212px) 100vw, 212px\" \/><\/td>\n<td style=\"width: 29.3252%;height: 307px\"><img loading=\"lazy\" class=\"size-medium wp-image-67\" src=\"https:\/\/skolkahaj.cz\/lhota\/wp-content\/uploads\/sites\/2\/2022\/09\/DSC_0963-225x300.jpg\" alt=\"\" width=\"225\" height=\"300\" srcset=\"https:\/\/skolkahaj.cz\/lhota\/wp-content\/uploads\/sites\/2\/2022\/09\/DSC_0963-225x300.jpg 225w, https:\/\/skolkahaj.cz\/lhota\/wp-content\/uploads\/sites\/2\/2022\/09\/DSC_0963.jpg 400w\" sizes=\"(max-width: 225px) 100vw, 225px\" \/><\/td>\n<td style=\"width: 42.5724%;height: 307px\"><strong><span style=\"font-size: 24pt\">Lucie Trn\u010d\u00e1kov\u00e1<\/span><\/strong><\/p>\n<p>vedouc\u00ed u\u010ditelka<\/td>\n<\/tr>\n<tr style=\"height: 307px\">\n<td style=\"width: 28.1023%;height: 312px\"><img loading=\"lazy\" class=\"alignnone size-full wp-image-4496\" src=\"https:\/\/skolkahaj.cz\/lhota\/wp-content\/uploads\/sites\/2\/2025\/09\/Katka-M.png\" alt=\"\" width=\"212\" height=\"300\" \/><\/td>\n<td style=\"width: 29.3252%;height: 312px\"><img loading=\"lazy\" class=\"alignnone size-full wp-image-4495\" src=\"https:\/\/skolkahaj.cz\/lhota\/wp-content\/uploads\/sites\/2\/2025\/09\/Katka-M.jpg\" alt=\"\" width=\"225\" height=\"300\" \/><\/td>\n<td style=\"width: 42.5724%;height: 312px\"><strong><span style=\"font-size: 24pt\">Ing. Kate\u0159ina Mat\u011bjov\u00e1<\/span><\/strong><\/p>\n<p>u\u010ditelka<\/td>\n<\/tr>\n<tr style=\"height: 342px\">\n<td style=\"width: 28.1023%;height: 131px\"><img loading=\"lazy\" class=\"alignnone wp-image-4498\" src=\"https:\/\/skolkahaj.cz\/lhota\/wp-content\/uploads\/sites\/2\/2025\/09\/Katka-S.png\" alt=\"\" width=\"239\" height=\"338\" \/><\/td>\n<td style=\"width: 29.3252%;height: 131px\"><img loading=\"lazy\" class=\"alignnone wp-image-4497\" src=\"https:\/\/skolkahaj.cz\/lhota\/wp-content\/uploads\/sites\/2\/2025\/09\/Katka-S.jpg\" alt=\"\" width=\"225\" height=\"338\" \/><\/td>\n<td style=\"width: 42.5724%;height: 131px\"><span style=\"font-size: 24pt\"><strong>Kate\u0159ina \u0160indl\u00e1\u0159ov\u00e1<\/strong><\/span><\/p>\n<p>asistent pedagoga<\/td>\n<\/tr>\n<tr style=\"height: 72px\">\n<td style=\"width: 28.1023%;height: 72px\">\n<h2><img loading=\"lazy\" class=\"alignnone size-medium wp-image-716\" style=\"color: #333333;font-size: 16px;font-weight: 400\" src=\"https:\/\/skolkahaj.cz\/lhota\/wp-content\/uploads\/sites\/2\/2023\/01\/karla-kollerova-malba-210x300.png\" alt=\"\" width=\"210\" height=\"300\" srcset=\"https:\/\/skolkahaj.cz\/lhota\/wp-content\/uploads\/sites\/2\/2023\/01\/karla-kollerova-malba-210x300.png 210w, https:\/\/skolkahaj.cz\/lhota\/wp-content\/uploads\/sites\/2\/2023\/01\/karla-kollerova-malba.png 451w\" sizes=\"(max-width: 210px) 100vw, 210px\" \/><\/h2>\n<\/td>\n<td style=\"width: 29.3252%;height: 72px\"><img loading=\"lazy\" class=\"alignnone size-medium wp-image-4646\" src=\"https:\/\/skolkahaj.cz\/lhota\/wp-content\/uploads\/sites\/2\/2025\/10\/Andrea-K-225x300.jpg\" alt=\"\" width=\"225\" height=\"300\" srcset=\"https:\/\/skolkahaj.cz\/lhota\/wp-content\/uploads\/sites\/2\/2025\/10\/Andrea-K-225x300.jpg 225w, https:\/\/skolkahaj.cz\/lhota\/wp-content\/uploads\/sites\/2\/2025\/10\/Andrea-K-768x1024.jpg 768w, https:\/\/skolkahaj.cz\/lhota\/wp-content\/uploads\/sites\/2\/2025\/10\/Andrea-K-1152x1536.jpg 1152w, https:\/\/skolkahaj.cz\/lhota\/wp-content\/uploads\/sites\/2\/2025\/10\/Andrea-K.jpg 1536w\" sizes=\"(max-width: 225px) 100vw, 225px\" \/><\/td>\n<td style=\"width: 42.5724%;height: 72px\"><span style=\"font-size: 24pt\"><strong>Andrea Kol\u00e1\u0159ov\u00e1<\/strong><\/span><\/p>\n<p>domovnice<\/p>\n<p><span style=\"font-size: 24pt\"><strong>\u00a0<\/strong><\/span><\/td>\n<\/tr>\n<\/tbody>\n<\/table>\n<h2>\u0158editelka mate\u0159sk\u00e9 \u0161koly<\/h2>\n<ul>\n<li>Alice Hrano\u0161ov\u00e1<\/li>\n<\/ul>\n<p><em>se s\u00eddlem \u0159editelstv\u00ed na M\u0160 H\u00e1j ve Slezsku, \u0160koln\u00ed\u00a0 48<\/em><\/p>\n<div id=\"attachment_73\" style=\"width: 241px\" class=\"wp-caption alignnone\"><img aria-describedby=\"caption-attachment-73\" loading=\"lazy\" class=\" wp-image-73\" src=\"https:\/\/skolkahaj.cz\/lhota\/wp-content\/uploads\/sites\/2\/2022\/09\/DSC_0701-225x300.jpg\" alt=\"\" width=\"231\" height=\"308\" srcset=\"https:\/\/skolkahaj.cz\/lhota\/wp-content\/uploads\/sites\/2\/2022\/09\/DSC_0701-225x300.jpg 225w, https:\/\/skolkahaj.cz\/lhota\/wp-content\/uploads\/sites\/2\/2022\/09\/DSC_0701.jpg 400w\" sizes=\"(max-width: 231px) 100vw, 231px\" \/><p id=\"caption-attachment-73\" class=\"wp-caption-text\">Alice Hrano\u0161ov\u00e1 &#8211; \u0159editelka<\/p><\/div>\n<\/div>\n<\/div>\n<\/div>\n<\/div>\n","protected":false},"excerpt":{"rendered":"<p>T\u00fdm Zelen\u00e1 Lucie Trn\u010d\u00e1kov\u00e1 vedouc\u00ed u\u010ditelka Ing. Kate\u0159ina Mat\u011bjov\u00e1 u\u010ditelka Kate\u0159ina \u0160indl\u00e1\u0159ov\u00e1 asistent pedagoga Andrea Kol\u00e1\u0159ov\u00e1 domovnice \u00a0 \u0158editelka mate\u0159sk\u00e9 \u0161koly Alice Hrano\u0161ov\u00e1 se s\u00eddlem \u0159editelstv\u00ed na M\u0160 H\u00e1j ve Slezsku, \u0160koln\u00ed\u00a0 48<\/p>\n","protected":false},"author":3,"featured_media":0,"parent":0,"menu_order":0,"comment_status":"closed","ping_status":"closed","template":"","meta":[],"_links":{"self":[{"href":"https:\/\/skolkahaj.cz\/lhota\/wp-json\/wp\/v2\/pages\/92"}],"collection":[{"href":"https:\/\/skolkahaj.cz\/lhota\/wp-json\/wp\/v2\/pages"}],"about":[{"href":"https:\/\/skolkahaj.cz\/lhota\/wp-json\/wp\/v2\/types\/page"}],"author":[{"embeddable":true,"href":"https:\/\/skolkahaj.cz\/lhota\/wp-json\/wp\/v2\/users\/3"}],"replies":[{"embeddable":true,"href":"https:\/\/skolkahaj.cz\/lhota\/wp-json\/wp\/v2\/comments?post=92"}],"version-history":[{"count":27,"href":"https:\/\/skolkahaj.cz\/lhota\/wp-json\/wp\/v2\/pages\/92\/revisions"}],"predecessor-version":[{"id":4647,"href":"https:\/\/skolkahaj.cz\/lhota\/wp-json\/wp\/v2\/pages\/92\/revisions\/4647"}],"wp:attachment":[{"href":"https:\/\/skolkahaj.cz\/lhota\/wp-json\/wp\/v2\/media?parent=92"}],"curies":[{"name":"wp","href":"https:\/\/api.w.org\/{rel}","templated":true}]}}