{"id":57,"date":"2022-08-29T13:03:52","date_gmt":"2022-08-29T11:03:52","guid":{"rendered":"https:\/\/skolkahaj.cz.uvirt121.active24.cz\/lhota\/?page_id=57"},"modified":"2025-02-28T09:07:26","modified_gmt":"2025-02-28T08:07:26","slug":"%f0%9f%93%81-dokumenty","status":"publish","type":"page","link":"https:\/\/skolkahaj.cz\/lhota\/%f0%9f%93%81-dokumenty\/","title":{"rendered":"\ud83d\udcc1 Dokumenty"},"content":{"rendered":"<h1>\ud83d\udcc1 Dokumenty<\/h1>\n<p>&nbsp;<\/p>\n<p><a href=\"https:\/\/skolkahaj.cz\/lhota\/wp-content\/uploads\/sites\/2\/2025\/02\/Skolni-rad-k-1-9-2024-pdf-f.pdf\">\u00a01. \u0160koln\u00ed \u0159\u00e1d aktualizovan\u00fd k 1 9 2024 <\/a><\/p>\n<p>2. <a href=\"https:\/\/skolkahaj.cz\/haj\/wp-content\/uploads\/sites\/4\/2023\/10\/z\u030ca\u0301dost-o-poda\u0301va\u0301ni\u0301-le\u0301ku\u030a.pdf\">\u017da\u0301dost o poda\u0301va\u0301ni\u0301 le\u0301ku\u030a<\/a><\/p>\n<p>3. <a href=\"https:\/\/skolkahaj.cz\/haj\/wp-content\/uploads\/sites\/4\/2023\/10\/Jednora\u0301zove\u0301-poda\u0301ni\u0301-Kinedryl.pdf\">Jednora\u0301zove\u0301 poda\u0301ni\u0301 Kinedryl<\/a><\/p>\n<p>&nbsp;<\/p>\n<ol>\n<li style=\"list-style-type: none\">\n<ol>\n<li><a href=\"https:\/\/skolkahaj.cz\/lhota\/wp-content\/uploads\/sites\/2\/2025\/01\/Vnitrni-rad-skolni-jidelny-vydejna-MS-Lhota.pdf\">Vnit\u0159n\u00ed \u0159\u00e1d \u0161koln\u00ed j\u00eddelny-v\u00fddejna M\u0160 Lhota<\/a><\/li>\n<li><a href=\"https:\/\/skolkahaj.cz\/lhota\/wp-content\/uploads\/sites\/2\/2025\/02\/Priloha-ceny-stravneho-od-3-2025.pdf\">P\u0159\u00edloha &#8211; ceny stravn\u00e9ho od 3 2025<\/a><\/li>\n<\/ol>\n<\/li>\n<\/ol>\n","protected":false},"excerpt":{"rendered":"<p>\ud83d\udcc1 Dokumenty &nbsp; \u00a01. \u0160koln\u00ed \u0159\u00e1d aktualizovan\u00fd k 1 9 2024 2. \u017da\u0301dost o poda\u0301va\u0301ni\u0301 le\u0301ku\u030a 3. Jednora\u0301zove\u0301 poda\u0301ni\u0301 Kinedryl &nbsp; Vnit\u0159n\u00ed \u0159\u00e1d \u0161koln\u00ed j\u00eddelny-v\u00fddejna M\u0160 Lhota P\u0159\u00edloha &#8211; ceny stravn\u00e9ho od 3 2025<\/p>\n","protected":false},"author":3,"featured_media":0,"parent":0,"menu_order":0,"comment_status":"closed","ping_status":"closed","template":"","meta":[],"_links":{"self":[{"href":"https:\/\/skolkahaj.cz\/lhota\/wp-json\/wp\/v2\/pages\/57"}],"collection":[{"href":"https:\/\/skolkahaj.cz\/lhota\/wp-json\/wp\/v2\/pages"}],"about":[{"href":"https:\/\/skolkahaj.cz\/lhota\/wp-json\/wp\/v2\/types\/page"}],"author":[{"embeddable":true,"href":"https:\/\/skolkahaj.cz\/lhota\/wp-json\/wp\/v2\/users\/3"}],"replies":[{"embeddable":true,"href":"https:\/\/skolkahaj.cz\/lhota\/wp-json\/wp\/v2\/comments?post=57"}],"version-history":[{"count":14,"href":"https:\/\/skolkahaj.cz\/lhota\/wp-json\/wp\/v2\/pages\/57\/revisions"}],"predecessor-version":[{"id":3721,"href":"https:\/\/skolkahaj.cz\/lhota\/wp-json\/wp\/v2\/pages\/57\/revisions\/3721"}],"wp:attachment":[{"href":"https:\/\/skolkahaj.cz\/lhota\/wp-json\/wp\/v2\/media?parent=57"}],"curies":[{"name":"wp","href":"https:\/\/api.w.org\/{rel}","templated":true}]}}