{"id":27,"date":"2022-08-21T11:02:39","date_gmt":"2022-08-21T09:02:39","guid":{"rendered":"https:\/\/skolkahaj.cz.uvirt121.active24.cz\/lhota\/?page_id=27"},"modified":"2025-09-05T07:48:05","modified_gmt":"2025-09-05T05:48:05","slug":"kontakt","status":"publish","type":"page","link":"https:\/\/skolkahaj.cz\/lhota\/kontakt\/","title":{"rendered":"\u260e\ufe0f Kontakt"},"content":{"rendered":"<h1>Kontakt<\/h1>\n<p>Mate\u0159sk\u00e1 \u0161kola Lhota &#8211; odlou\u010den\u00e9 pracovi\u0161t\u011b<br \/>\nKomensk\u00e9ho 170, H\u00e1j ve Slezsku &#8211; Lhota 747 92<\/p>\n<p>vedouc\u00ed u\u010ditelka: Lucie Trn\u010d\u00e1kov\u00e1<br \/>\ntelefon: +420 553 679 022<br \/>\nmob.: +420 734 151 072<br \/>\nE-mail: lhota@skolkahaj.cz<\/p>\n<h2>Mapa<\/h2>\n<h2>Hlavn\u00ed pracovi\u0161t\u011b<\/h2>\n<p>Mate\u0159sk\u00e1 \u0161kola H\u00e1j ve\u00a0Slezsku, p\u0159\u00edsp\u011bvkov\u00e1 organizace<br \/>\n\u0160koln\u00ed 48, H\u00e1j ve\u00a0Slezsku 747\u00a092<\/p>\n<p><strong>\u0159editelka:<\/strong>\u00a0Alice Hrano\u0161ov\u00e1<br \/>\n<strong>telefon:<\/strong>\u00a0+420\u00a0553\u00a0773\u00a0339<br \/>\nmob. M\u0160: + 420\u00a0734\u00a0151\u00a0070<br \/>\ne-mail: skolkahaj@skolkahaj.cz<\/p>\n<p>www.skolkahaj.cz<br \/>\nI\u010c: 478 13 202<\/p>\n<p>&nbsp;<\/p>\n<h2><\/h2>\n","protected":false},"excerpt":{"rendered":"<p>Kontakt Mate\u0159sk\u00e1 \u0161kola Lhota &#8211; odlou\u010den\u00e9 pracovi\u0161t\u011b Komensk\u00e9ho 170, H\u00e1j ve Slezsku &#8211; Lhota 747 92 vedouc\u00ed u\u010ditelka: Lucie Trn\u010d\u00e1kov\u00e1 telefon: +420 553 679 022 mob.: +420 734 151 072 E-mail: lhota@skolkahaj.cz Mapa Hlavn\u00ed pracovi\u0161t\u011b Mate\u0159sk\u00e1 \u0161kola H\u00e1j ve\u00a0Slezsku, p\u0159\u00edsp\u011bvkov\u00e1 organizace \u0160koln\u00ed 48, H\u00e1j ve\u00a0Slezsku 747\u00a092 \u0159editelka:\u00a0Alice Hrano\u0161ov\u00e1 telefon:\u00a0+420\u00a0553\u00a0773\u00a0339 mob. M\u0160: + 420\u00a0734\u00a0151\u00a0070 e-mail: skolkahaj@skolkahaj.cz [&hellip;]<\/p>\n","protected":false},"author":3,"featured_media":0,"parent":0,"menu_order":0,"comment_status":"closed","ping_status":"closed","template":"","meta":[],"_links":{"self":[{"href":"https:\/\/skolkahaj.cz\/lhota\/wp-json\/wp\/v2\/pages\/27"}],"collection":[{"href":"https:\/\/skolkahaj.cz\/lhota\/wp-json\/wp\/v2\/pages"}],"about":[{"href":"https:\/\/skolkahaj.cz\/lhota\/wp-json\/wp\/v2\/types\/page"}],"author":[{"embeddable":true,"href":"https:\/\/skolkahaj.cz\/lhota\/wp-json\/wp\/v2\/users\/3"}],"replies":[{"embeddable":true,"href":"https:\/\/skolkahaj.cz\/lhota\/wp-json\/wp\/v2\/comments?post=27"}],"version-history":[{"count":5,"href":"https:\/\/skolkahaj.cz\/lhota\/wp-json\/wp\/v2\/pages\/27\/revisions"}],"predecessor-version":[{"id":4502,"href":"https:\/\/skolkahaj.cz\/lhota\/wp-json\/wp\/v2\/pages\/27\/revisions\/4502"}],"wp:attachment":[{"href":"https:\/\/skolkahaj.cz\/lhota\/wp-json\/wp\/v2\/media?parent=27"}],"curies":[{"name":"wp","href":"https:\/\/api.w.org\/{rel}","templated":true}]}}