{"id":25,"date":"2022-08-21T11:01:34","date_gmt":"2022-08-21T09:01:34","guid":{"rendered":"https:\/\/skolkahaj.cz.uvirt121.active24.cz\/lhota\/?page_id=25"},"modified":"2025-09-05T13:46:03","modified_gmt":"2025-09-05T11:46:03","slug":"o-nas","status":"publish","type":"page","link":"https:\/\/skolkahaj.cz\/lhota\/o-nas\/","title":{"rendered":"O n\u00e1s"},"content":{"rendered":"<h1>O n\u00e1s<\/h1>\n<p><a href=\"https:\/\/skolkahaj.cz\/lhota\/tym\/\">Kliknut\u00edm <strong>sem<\/strong> se dostanete na t\u00fdm!<\/a><\/p>\n<p><span style=\"font-family: 'comic sans ms', sans-serif\">Mate\u0159sk\u00e1 \u0161kola ve Lhot\u011b je jednot\u0159\u00eddn\u00ed M\u0160, jej\u00ed\u017e p\u0159\u00edzemn\u00ed budova se nach\u00e1z\u00ed na p\u011bkn\u00e9m a klidn\u00e9m m\u00edst\u011b vedlej\u0161\u00ed ulice. Je odlou\u010den\u00fdm pracovi\u0161t\u011bm M\u0160 H\u00e1j ve Slezsku s kapacitou 25 d\u011bt\u00ed ve v\u011bku od 2,5 do 7 let.<\/span><\/p>\n<p><span style=\"font-family: 'comic sans ms', sans-serif\">Okol\u00ed M\u0160 a bl\u00edzkost lesa je velice podn\u011btn\u00fdm prost\u0159ed\u00edm pro v\u00fdchovu a vzd\u011bl\u00e1v\u00e1n\u00ed d\u011bt\u00ed, jako\u017e i dobr\u00e1 materi\u00e1ln\u00ed vybavenost. Um\u00edst\u011bn\u00ed hra\u010dek a pom\u016fcek je d\u011btem snadno p\u0159\u00edstupn\u00e9 a p\u0159ehledn\u00e9.<\/span><\/p>\n<p><span style=\"font-family: 'comic sans ms', sans-serif\">K budov\u011b \u0161koly p\u0159il\u00e9h\u00e1 prostorn\u00e1 zahrada, kter\u00e1 je dostate\u010dn\u011b vyu\u017e\u00edv\u00e1na v pr\u016fb\u011bhu cel\u00e9ho \u0161koln\u00edho roku. Zahrada je vybavena hern\u00edmi prvky pro pohybov\u00fd rozvoj d\u011bt\u00ed, p\u00edskovi\u0161t\u011bm se st\u00edn\u00edc\u00ed pergolou a zast\u0159e\u0161enou terasou.<\/span><\/p>\n<p><span style=\"font-family: 'comic sans ms', sans-serif\">Strava je do na\u0161\u00ed mate\u0159sk\u00e9 \u0161koly dov\u00e1\u017eena z centr\u00e1ln\u00ed j\u00eddelny v M\u0160 H\u00e1j ve Slezsku v termon\u00e1dob\u00e1ch. Strava je pestr\u00e1, rozmanit\u00e1 a je obohacena o ka\u017edodenn\u00ed d\u00e1vku ovoce a zeleniny, kterou maj\u00ed d\u011bti k dispozici po cel\u00fd den.<\/span><\/p>\n<p><span style=\"font-family: 'comic sans ms', sans-serif\">O d\u011bti se staraj\u00ed 2 u\u010ditelky, 1 asistent pedagoga a 1 provozn\u00ed pracovnice.<\/span><\/p>\n<p><span style=\"font-family: 'comic sans ms', sans-serif\">Vzd\u011bl\u00e1v\u00e1n\u00ed se uskute\u010d\u0148uje podle st\u00e1tn\u00edho r\u00e1mcov\u00e9ho programu pro\u00a0p\u0159ed\u0161koln\u00ed vzd\u011bl\u00e1v\u00e1n\u00ed vydan\u00e9ho M\u0160MT.<\/span><\/p>\n<p><span style=\"font-family: 'comic sans ms', sans-serif\">N\u00e1\u0161 hlavn\u00ed z\u00e1m\u011br:\u00a0<strong>\u0160\u0164ASTN\u00c9 D\u00cdT\u011a A\u00a0SPOKOJEN\u00dd RODI\u010c<\/strong><\/span><\/p>\n<p><span style=\"font-family: 'comic sans ms', sans-serif\">Provoz M\u0160 je od 6.30 &#8211; 16.00 hodin<\/span><\/p>\n<p><img loading=\"lazy\" class=\"alignnone wp-image-21\" src=\"https:\/\/skolkahaj.cz\/lhota\/wp-content\/uploads\/sites\/2\/2022\/08\/skolka-lhota-web-300x225.jpg\" alt=\"\" width=\"1408\" height=\"1056\" srcset=\"https:\/\/skolkahaj.cz\/lhota\/wp-content\/uploads\/sites\/2\/2022\/08\/skolka-lhota-web-300x225.jpg 300w, https:\/\/skolkahaj.cz\/lhota\/wp-content\/uploads\/sites\/2\/2022\/08\/skolka-lhota-web-1024x768.jpg 1024w, https:\/\/skolkahaj.cz\/lhota\/wp-content\/uploads\/sites\/2\/2022\/08\/skolka-lhota-web-768x576.jpg 768w, https:\/\/skolkahaj.cz\/lhota\/wp-content\/uploads\/sites\/2\/2022\/08\/skolka-lhota-web-1536x1152.jpg 1536w, https:\/\/skolkahaj.cz\/lhota\/wp-content\/uploads\/sites\/2\/2022\/08\/skolka-lhota-web-2048x1536.jpg 2048w\" sizes=\"(max-width: 1408px) 100vw, 1408px\" \/><\/p>\n","protected":false},"excerpt":{"rendered":"<p>O n\u00e1s Kliknut\u00edm sem se dostanete na t\u00fdm! Mate\u0159sk\u00e1 \u0161kola ve Lhot\u011b je jednot\u0159\u00eddn\u00ed M\u0160, jej\u00ed\u017e p\u0159\u00edzemn\u00ed budova se nach\u00e1z\u00ed na p\u011bkn\u00e9m a klidn\u00e9m m\u00edst\u011b vedlej\u0161\u00ed ulice. Je odlou\u010den\u00fdm pracovi\u0161t\u011bm M\u0160 H\u00e1j ve Slezsku s kapacitou 25 d\u011bt\u00ed ve v\u011bku od 2,5 do 7 let. Okol\u00ed M\u0160 a bl\u00edzkost lesa je velice podn\u011btn\u00fdm prost\u0159ed\u00edm pro [&hellip;]<\/p>\n","protected":false},"author":3,"featured_media":0,"parent":0,"menu_order":0,"comment_status":"closed","ping_status":"closed","template":"","meta":[],"_links":{"self":[{"href":"https:\/\/skolkahaj.cz\/lhota\/wp-json\/wp\/v2\/pages\/25"}],"collection":[{"href":"https:\/\/skolkahaj.cz\/lhota\/wp-json\/wp\/v2\/pages"}],"about":[{"href":"https:\/\/skolkahaj.cz\/lhota\/wp-json\/wp\/v2\/types\/page"}],"author":[{"embeddable":true,"href":"https:\/\/skolkahaj.cz\/lhota\/wp-json\/wp\/v2\/users\/3"}],"replies":[{"embeddable":true,"href":"https:\/\/skolkahaj.cz\/lhota\/wp-json\/wp\/v2\/comments?post=25"}],"version-history":[{"count":22,"href":"https:\/\/skolkahaj.cz\/lhota\/wp-json\/wp\/v2\/pages\/25\/revisions"}],"predecessor-version":[{"id":4505,"href":"https:\/\/skolkahaj.cz\/lhota\/wp-json\/wp\/v2\/pages\/25\/revisions\/4505"}],"wp:attachment":[{"href":"https:\/\/skolkahaj.cz\/lhota\/wp-json\/wp\/v2\/media?parent=25"}],"curies":[{"name":"wp","href":"https:\/\/api.w.org\/{rel}","templated":true}]}}