{"id":1319,"date":"2023-04-19T11:27:18","date_gmt":"2023-04-19T09:27:18","guid":{"rendered":"https:\/\/skolkahaj.cz\/lhota\/?page_id=1319"},"modified":"2023-10-01T11:17:16","modified_gmt":"2023-10-01T09:17:16","slug":"sdruzeni-rodicu","status":"publish","type":"page","link":"https:\/\/skolkahaj.cz\/lhota\/sdruzeni-rodicu\/","title":{"rendered":"Sdru\u017een\u00ed rodi\u010d\u016f"},"content":{"rendered":"<h1 style=\"text-align: left\"><span style=\"font-size: 18pt;font-family: 'comic sans ms', sans-serif\">Sdru\u017een\u00ed rodi\u010d\u016f a p\u0159\u00e1tel \u0161kolky p\u0159i M\u0160 H\u00e1j ve Slezsku &#8211; Lhota<\/span><\/h1>\n<p style=\"text-align: left\"><span style=\"font-family: 'comic sans ms', sans-serif\">P\u0159i Mate\u0159sk\u00e9 \u0161kole H\u00e1j ve Slezsku &#8211; Lhota pracuje <strong>Ob\u010dansk\u00e9 sdru\u017een\u00ed<\/strong>, kter\u00e9 je registrov\u00e1no dle z\u00e1kona \u010d. 83\/1990 Sb., <strong>I\u010c: 725 41 628.<\/strong><\/span><\/p>\n<p style=\"text-align: left\"><span style=\"font-family: 'comic sans ms', sans-serif\">Ob\u010dansk\u00e9 sdru\u017een\u00ed slou\u017e\u00ed k organizov\u00e1n\u00ed akc\u00ed pro d\u011bti mate\u0159sk\u00e9 \u0161koly a k jejich financov\u00e1n\u00ed.\u00a0Jeho c\u00edlem je kvalitn\u00ed spolupr\u00e1ce a komunikace mezi rodi\u010di a zam\u011bstnanci mate\u0159sk\u00e9 \u0161koly.\u00a0D\u00e1le spolupr\u00e1ce s jin\u00fdmi sdru\u017een\u00edmi, org\u00e1ny m\u00edstn\u00edch samospr\u00e1v a neziskov\u00fdmi organizacemi\u00a0a z\u00edsk\u00e1v\u00e1n\u00ed nov\u00fdch subjekt\u016f ke spolupr\u00e1ci v r\u00e1mci obce, ale i okol\u00ed.\u00a0Z\u00edsk\u00e1v\u00e1n\u00ed materi\u00e1ln\u00ed podpory pro rozvoj mate\u0159sk\u00e9 \u0161koly.<\/span><\/p>\n<p style=\"text-align: left\"><span style=\"font-family: 'comic sans ms', sans-serif\">\u010clenov\u00e9 sdru\u017een\u00ed jsou v\u0161ichni rodi\u010de mate\u0159sk\u00e9 \u0161koly H\u00e1j ve Slezsku &#8211; Lhota, kte\u0159\u00ed se sch\u00e1zej\u00ed zpravidla 2x ro\u010dn\u011b. Ka\u017ed\u00fdm \u0161koln\u00edm rokem si schvaluj\u00ed \u010dleny rady, p\u0159edsedu, hospod\u00e1\u0159e a p\u0159\u00edsp\u011bvek na \u010dinnost.<\/span><\/p>\n","protected":false},"excerpt":{"rendered":"<p>Sdru\u017een\u00ed rodi\u010d\u016f a p\u0159\u00e1tel \u0161kolky p\u0159i M\u0160 H\u00e1j ve Slezsku &#8211; Lhota P\u0159i Mate\u0159sk\u00e9 \u0161kole H\u00e1j ve Slezsku &#8211; Lhota pracuje Ob\u010dansk\u00e9 sdru\u017een\u00ed, kter\u00e9 je registrov\u00e1no dle z\u00e1kona \u010d. 83\/1990 Sb., I\u010c: 725 41 628. Ob\u010dansk\u00e9 sdru\u017een\u00ed slou\u017e\u00ed k organizov\u00e1n\u00ed akc\u00ed pro d\u011bti mate\u0159sk\u00e9 \u0161koly a k jejich financov\u00e1n\u00ed.\u00a0Jeho c\u00edlem je kvalitn\u00ed spolupr\u00e1ce a komunikace [&hellip;]<\/p>\n","protected":false},"author":3,"featured_media":0,"parent":0,"menu_order":0,"comment_status":"closed","ping_status":"closed","template":"","meta":[],"_links":{"self":[{"href":"https:\/\/skolkahaj.cz\/lhota\/wp-json\/wp\/v2\/pages\/1319"}],"collection":[{"href":"https:\/\/skolkahaj.cz\/lhota\/wp-json\/wp\/v2\/pages"}],"about":[{"href":"https:\/\/skolkahaj.cz\/lhota\/wp-json\/wp\/v2\/types\/page"}],"author":[{"embeddable":true,"href":"https:\/\/skolkahaj.cz\/lhota\/wp-json\/wp\/v2\/users\/3"}],"replies":[{"embeddable":true,"href":"https:\/\/skolkahaj.cz\/lhota\/wp-json\/wp\/v2\/comments?post=1319"}],"version-history":[{"count":7,"href":"https:\/\/skolkahaj.cz\/lhota\/wp-json\/wp\/v2\/pages\/1319\/revisions"}],"predecessor-version":[{"id":2349,"href":"https:\/\/skolkahaj.cz\/lhota\/wp-json\/wp\/v2\/pages\/1319\/revisions\/2349"}],"wp:attachment":[{"href":"https:\/\/skolkahaj.cz\/lhota\/wp-json\/wp\/v2\/media?parent=1319"}],"curies":[{"name":"wp","href":"https:\/\/api.w.org\/{rel}","templated":true}]}}