{"id":34,"date":"2022-08-21T11:33:52","date_gmt":"2022-08-21T09:33:52","guid":{"rendered":"https:\/\/skolkahaj.cz.uvirt121.active24.cz\/jidelna\/?page_id=34"},"modified":"2025-04-21T16:52:57","modified_gmt":"2025-04-21T14:52:57","slug":"o-nas","status":"publish","type":"page","link":"https:\/\/skolkahaj.cz\/jidelna\/o-nas\/","title":{"rendered":"O n\u00e1s"},"content":{"rendered":"<h1>O n\u00e1s<\/h1>\n<p>\u0160koln\u00ed j\u00eddelna p\u0159i Mate\u0159sk\u00e9 \u0161kole H\u00e1j ve Slezsku p\u0159ipravuje ob\u011bdy a sva\u010dinky pro d\u011bti M\u0160 H\u00e1j ve Slezsku, Smolkov a Lhota.<\/p>\n<p>D\u00e1le stravujeme \u017e\u00e1ky a \u0161kolsk\u00e9 pracovn\u00edky Z\u0160 H\u00e1j ve Slezsku, Z\u0160 a M\u0160 gen. H. P\u00edky ve \u0160t\u00edtin\u011b a soukrom\u00e9 \u0161koly Labyrint ve Lhot\u011b.<\/p>\n<p>V r\u00e1mci dopl\u0148kov\u00e9 \u010dinnosti p\u0159ipravuje ob\u011bdy pro ciz\u00ed str\u00e1vn\u00edky.<\/p>\n<p>Celkem p\u0159ipravujeme denn\u011b na 700 ob\u011bd\u016f + 260 sva\u010din.<\/p>\n<p>P\u0159i sestavov\u00e1n\u00ed j\u00eddeln\u00edho l\u00edstku p\u0159\u00edsn\u011b db\u00e1me na:<\/p>\n<ul style=\"list-style-type: disc\">\n<li>nutri\u010dn\u011b vyv\u00e1\u017eenou stravu s po\u017eadavky zdrav\u00e9 v\u00fd\u017eivy<\/li>\n<li>v r\u00e1mci spot\u0159ebn\u00edho ko\u0161e hl\u00edd\u00e1me spot\u0159ebu vybran\u00fdch surovin (maso, tuk, cukr, ryby, ml\u00e9ko, ml\u00e9\u010dn\u00e9 v\u00fdrobky, ovoce, zelenina, lu\u0161t\u011bniny, brambory)<\/li>\n<li>p\u0159\u00edpravu z \u010derstv\u00fdch surovin<\/li>\n<li>dostatek ovoce a zeleniny<\/li>\n<li>v\u00fdb\u011br slazen\u00fdch a neslazen\u00fdch n\u00e1poj\u016f<\/li>\n<\/ul>\n<p>V\u011bt\u0161inu j\u00eddel p\u0159ipravujeme v konvektomatech(n\u00e1hrada za trouby), kter\u00e9 umo\u017e\u0148uj\u00ed \u0161etrn\u00e9 va\u0159en\u00ed v p\u00e1\u0159e a sma\u017een\u00ed na minim\u00e1ln\u00edm mno\u017estv\u00ed tuku, aby v potravin\u00e1ch byly uchov\u00e1ny vitam\u00edny a miner\u00e1ly.<\/p>\n<p>Ceny j\u00eddel pro \u017e\u00e1ky Z\u0160 v odkaze: <a href=\"https:\/\/skolkahaj.cz.uvirt121.active24.cz\/jidelna\/jidelna-pri-zs\/\">informace pro str\u00e1vn\u00edky Z\u0160<\/a><\/p>\n<p>Ceny j\u00eddel pro d\u011bti M\u0160 v odkaze: <a href=\"https:\/\/skolkahaj.cz.uvirt121.active24.cz\/jidelna\/jidelna-ms\/\">informace pro str\u00e1vn\u00edky M\u0160<\/a><\/p>\n<p><a href=\"https:\/\/www.strava.cz\/strava\/stravnik\/jidelnicky?zarizeni=10414\">Aktu\u00e1ln\u00ed j\u00eddeln\u00ed\u010dek<\/a><\/p>\n<p>&nbsp;<\/p>\n<p>&nbsp;<\/p>\n","protected":false},"excerpt":{"rendered":"<p>O n\u00e1s \u0160koln\u00ed j\u00eddelna p\u0159i Mate\u0159sk\u00e9 \u0161kole H\u00e1j ve Slezsku p\u0159ipravuje ob\u011bdy a sva\u010dinky pro d\u011bti M\u0160 H\u00e1j ve Slezsku, Smolkov a Lhota. D\u00e1le stravujeme \u017e\u00e1ky a \u0161kolsk\u00e9 pracovn\u00edky Z\u0160 [&hellip;]<\/p>\n","protected":false},"author":3,"featured_media":0,"parent":0,"menu_order":0,"comment_status":"closed","ping_status":"closed","template":"","meta":[],"_links":{"self":[{"href":"https:\/\/skolkahaj.cz\/jidelna\/wp-json\/wp\/v2\/pages\/34"}],"collection":[{"href":"https:\/\/skolkahaj.cz\/jidelna\/wp-json\/wp\/v2\/pages"}],"about":[{"href":"https:\/\/skolkahaj.cz\/jidelna\/wp-json\/wp\/v2\/types\/page"}],"author":[{"embeddable":true,"href":"https:\/\/skolkahaj.cz\/jidelna\/wp-json\/wp\/v2\/users\/3"}],"replies":[{"embeddable":true,"href":"https:\/\/skolkahaj.cz\/jidelna\/wp-json\/wp\/v2\/comments?post=34"}],"version-history":[{"count":5,"href":"https:\/\/skolkahaj.cz\/jidelna\/wp-json\/wp\/v2\/pages\/34\/revisions"}],"predecessor-version":[{"id":382,"href":"https:\/\/skolkahaj.cz\/jidelna\/wp-json\/wp\/v2\/pages\/34\/revisions\/382"}],"wp:attachment":[{"href":"https:\/\/skolkahaj.cz\/jidelna\/wp-json\/wp\/v2\/media?parent=34"}],"curies":[{"name":"wp","href":"https:\/\/api.w.org\/{rel}","templated":true}]}}