{"id":157,"date":"2022-12-21T10:43:31","date_gmt":"2022-12-21T09:43:31","guid":{"rendered":"https:\/\/skolkahaj.cz\/jidelna\/?page_id=157"},"modified":"2026-02-19T11:01:58","modified_gmt":"2026-02-19T10:01:58","slug":"dokumenty","status":"publish","type":"page","link":"https:\/\/skolkahaj.cz\/jidelna\/dokumenty\/","title":{"rendered":"Dokumenty"},"content":{"rendered":"<p><a href=\"https:\/\/skolkahaj.cz\/jidelna\/wp-content\/uploads\/sites\/5\/2025\/01\/Vnitrni-rad-skolni-jidelny-MS-Haj.pdf\">Vnit\u0159n\u00ed \u0159\u00e1d \u0161koln\u00ed j\u00eddelny M\u0160 H\u00e1j<\/a><\/p>\n<p><a href=\"https:\/\/skolkahaj.cz\/jidelna\/wp-content\/uploads\/sites\/5\/2025\/01\/Vnitrni-rad-skolni-jidelny-vydejna-MS-Lhota.pdf\">Vnit\u0159n\u00ed \u0159\u00e1d \u0161koln\u00ed j\u00eddelny &#8211; v\u00fddejna M\u0160 Lhota<\/a><\/p>\n<p><a href=\"https:\/\/skolkahaj.cz\/jidelna\/wp-content\/uploads\/sites\/5\/2025\/01\/Vnitrni-rad-skolni-jidelny-vydejna-MS-Smolkov.pdf\">Vnit\u0159n\u00ed \u0159\u00e1d \u0161koln\u00ed j\u00eddelny &#8211; v\u00fddejna M\u0160 Smolkov<\/a><\/p>\n<p><a href=\"https:\/\/skolkahaj.cz\/jidelna\/wp-content\/uploads\/sites\/5\/2024\/11\/Vnitrni-rad-skolni-jidelny-ZS-Haj-ve-Slezsku.pdf\">Vnit\u0159n\u00ed \u0159\u00e1d \u0161koln\u00ed j\u00eddelny &#8211; Z\u0160 H\u00e1j ve Slezsku<\/a><\/p>\n<p>&nbsp;<\/p>\n<p>P\u0159\u00edloha ceny stravn\u00e9ho od 1.ledna 2026<\/p>\n<p><a href=\"https:\/\/skolkahaj.cz\/jidelna\/wp-content\/uploads\/sites\/5\/2026\/02\/Cenik-stravneho-od-1.-ledna-2026.pdf\">Cen\u00edk stravn\u00e9ho od 1. ledna 2026<\/a><\/p>\n","protected":false},"excerpt":{"rendered":"<p>Vnit\u0159n\u00ed \u0159\u00e1d \u0161koln\u00ed j\u00eddelny M\u0160 H\u00e1j Vnit\u0159n\u00ed \u0159\u00e1d \u0161koln\u00ed j\u00eddelny &#8211; v\u00fddejna M\u0160 Lhota Vnit\u0159n\u00ed \u0159\u00e1d \u0161koln\u00ed j\u00eddelny &#8211; v\u00fddejna M\u0160 Smolkov Vnit\u0159n\u00ed \u0159\u00e1d \u0161koln\u00ed j\u00eddelny &#8211; Z\u0160 H\u00e1j ve [&hellip;]<\/p>\n","protected":false},"author":10,"featured_media":0,"parent":0,"menu_order":0,"comment_status":"closed","ping_status":"closed","template":"","meta":[],"_links":{"self":[{"href":"https:\/\/skolkahaj.cz\/jidelna\/wp-json\/wp\/v2\/pages\/157"}],"collection":[{"href":"https:\/\/skolkahaj.cz\/jidelna\/wp-json\/wp\/v2\/pages"}],"about":[{"href":"https:\/\/skolkahaj.cz\/jidelna\/wp-json\/wp\/v2\/types\/page"}],"author":[{"embeddable":true,"href":"https:\/\/skolkahaj.cz\/jidelna\/wp-json\/wp\/v2\/users\/10"}],"replies":[{"embeddable":true,"href":"https:\/\/skolkahaj.cz\/jidelna\/wp-json\/wp\/v2\/comments?post=157"}],"version-history":[{"count":12,"href":"https:\/\/skolkahaj.cz\/jidelna\/wp-json\/wp\/v2\/pages\/157\/revisions"}],"predecessor-version":[{"id":443,"href":"https:\/\/skolkahaj.cz\/jidelna\/wp-json\/wp\/v2\/pages\/157\/revisions\/443"}],"wp:attachment":[{"href":"https:\/\/skolkahaj.cz\/jidelna\/wp-json\/wp\/v2\/media?parent=157"}],"curies":[{"name":"wp","href":"https:\/\/api.w.org\/{rel}","templated":true}]}}