{"id":222,"date":"2022-11-09T13:21:31","date_gmt":"2022-11-09T12:21:31","guid":{"rendered":"https:\/\/skolkahaj.cz.uvirt121.active24.cz\/haj\/?page_id=222"},"modified":"2022-11-24T15:53:15","modified_gmt":"2022-11-24T14:53:15","slug":"fotky-nasi-skolky","status":"publish","type":"page","link":"https:\/\/skolkahaj.cz\/haj\/fotky-nasi-skolky\/","title":{"rendered":"Fotky na\u0161\u00ed \u0161kolky"},"content":{"rendered":"<h1>Fotky na\u0161\u00ed \u0161kolky<\/h1>\n<p>Pod\u00edvejte se na fotky:<\/p>\n<h2>\u010cerven\u00e1 t\u0159\u00edda<\/h2>\n<div id=\"gallery-222\" class=\"gallery\"><div class=\"gallery-item\"><a href='https:\/\/skolkahaj.cz\/haj\/fotky-nasi-skolky\/dsc_6334\/'><img width=\"150\" height=\"150\" src=\"https:\/\/skolkahaj.cz\/haj\/wp-content\/uploads\/sites\/4\/2022\/11\/DSC_6334-150x150.jpg\" class=\"attachment-thumbnail size-thumbnail\" alt=\"\" loading=\"lazy\" \/><\/a><span class=\"gallery-item-caption\">DSC_6334<\/span><\/figure><\/div><div class=\"gallery-item\"><a href='https:\/\/skolkahaj.cz\/haj\/fotky-nasi-skolky\/dsc_6335\/'><img width=\"150\" height=\"150\" src=\"https:\/\/skolkahaj.cz\/haj\/wp-content\/uploads\/sites\/4\/2022\/11\/DSC_6335-150x150.jpg\" class=\"attachment-thumbnail size-thumbnail\" alt=\"\" loading=\"lazy\" \/><\/a><span class=\"gallery-item-caption\">DSC_6335<\/span><\/figure><\/div><div class=\"gallery-item\"><a href='https:\/\/skolkahaj.cz\/haj\/fotky-nasi-skolky\/dsc_6336\/'><img width=\"150\" height=\"150\" src=\"https:\/\/skolkahaj.cz\/haj\/wp-content\/uploads\/sites\/4\/2022\/11\/DSC_6336-150x150.jpg\" class=\"attachment-thumbnail size-thumbnail\" alt=\"\" loading=\"lazy\" \/><\/a><span class=\"gallery-item-caption\">DSC_6336<\/span><\/figure><\/div><div class=\"gallery-item\"><a href='https:\/\/skolkahaj.cz\/haj\/fotky-nasi-skolky\/dsc_6337\/'><img width=\"150\" height=\"150\" src=\"https:\/\/skolkahaj.cz\/haj\/wp-content\/uploads\/sites\/4\/2022\/11\/DSC_6337-150x150.jpg\" class=\"attachment-thumbnail size-thumbnail\" alt=\"\" loading=\"lazy\" \/><\/a><span class=\"gallery-item-caption\">DSC_6337<\/span><\/figure><\/div><div class=\"gallery-item\"><a href='https:\/\/skolkahaj.cz\/haj\/fotky-nasi-skolky\/dsc_6338\/'><img width=\"150\" height=\"150\" src=\"https:\/\/skolkahaj.cz\/haj\/wp-content\/uploads\/sites\/4\/2022\/11\/DSC_6338-150x150.jpg\" class=\"attachment-thumbnail size-thumbnail\" alt=\"\" loading=\"lazy\" \/><\/a><span class=\"gallery-item-caption\">DSC_6338<\/span><\/figure><\/div><div class=\"gallery-item\"><a href='https:\/\/skolkahaj.cz\/haj\/fotky-nasi-skolky\/dsc_6339\/'><img width=\"150\" height=\"150\" src=\"https:\/\/skolkahaj.cz\/haj\/wp-content\/uploads\/sites\/4\/2022\/11\/DSC_6339-150x150.jpg\" class=\"attachment-thumbnail size-thumbnail\" alt=\"\" loading=\"lazy\" \/><\/a><span class=\"gallery-item-caption\">DSC_6339<\/span><\/figure><\/div><div class=\"gallery-item\"><a href='https:\/\/skolkahaj.cz\/haj\/fotky-nasi-skolky\/dsc_6340\/'><img width=\"150\" height=\"150\" src=\"https:\/\/skolkahaj.cz\/haj\/wp-content\/uploads\/sites\/4\/2022\/11\/DSC_6340-150x150.jpg\" class=\"attachment-thumbnail size-thumbnail\" alt=\"\" loading=\"lazy\" \/><\/a><span class=\"gallery-item-caption\">DSC_6340<\/span><\/figure><\/div><div class=\"gallery-item\"><a href='https:\/\/skolkahaj.cz\/haj\/fotky-nasi-skolky\/dsc_6341\/'><img width=\"150\" height=\"150\" src=\"https:\/\/skolkahaj.cz\/haj\/wp-content\/uploads\/sites\/4\/2022\/11\/DSC_6341-150x150.jpg\" class=\"attachment-thumbnail size-thumbnail\" alt=\"\" loading=\"lazy\" \/><\/a><span class=\"gallery-item-caption\">DSC_6341<\/span><\/figure><\/div><\/div>\n<h2>\u00a0Modr\u00e1 t\u0159\u00edda<\/h2>\n<div id=\"gallery-222\" class=\"gallery\"><div class=\"gallery-item\"><a href='https:\/\/skolkahaj.cz\/haj\/fotky-nasi-skolky\/dsc_6352\/'><img width=\"150\" height=\"150\" src=\"https:\/\/skolkahaj.cz\/haj\/wp-content\/uploads\/sites\/4\/2022\/11\/DSC_6352-150x150.jpg\" class=\"attachment-thumbnail size-thumbnail\" alt=\"\" loading=\"lazy\" \/><\/a><span class=\"gallery-item-caption\">DSC_6352<\/span><\/figure><\/div><div class=\"gallery-item\"><a href='https:\/\/skolkahaj.cz\/haj\/fotky-nasi-skolky\/dsc_6351\/'><img width=\"150\" height=\"150\" src=\"https:\/\/skolkahaj.cz\/haj\/wp-content\/uploads\/sites\/4\/2022\/11\/DSC_6351-150x150.jpg\" class=\"attachment-thumbnail size-thumbnail\" alt=\"\" loading=\"lazy\" \/><\/a><span class=\"gallery-item-caption\">DSC_6351<\/span><\/figure><\/div><div class=\"gallery-item\"><a href='https:\/\/skolkahaj.cz\/haj\/fotky-nasi-skolky\/dsc_6345\/'><img width=\"150\" height=\"150\" src=\"https:\/\/skolkahaj.cz\/haj\/wp-content\/uploads\/sites\/4\/2022\/11\/DSC_6345-150x150.jpg\" class=\"attachment-thumbnail size-thumbnail\" alt=\"\" loading=\"lazy\" \/><\/a><span class=\"gallery-item-caption\">DSC_6345<\/span><\/figure><\/div><div class=\"gallery-item\"><a href='https:\/\/skolkahaj.cz\/haj\/fotky-nasi-skolky\/dsc_6344\/'><img width=\"150\" height=\"150\" src=\"https:\/\/skolkahaj.cz\/haj\/wp-content\/uploads\/sites\/4\/2022\/11\/DSC_6344-150x150.jpg\" class=\"attachment-thumbnail size-thumbnail\" alt=\"\" loading=\"lazy\" \/><\/a><span class=\"gallery-item-caption\">DSC_6344<\/span><\/figure><\/div><div class=\"gallery-item\"><a href='https:\/\/skolkahaj.cz\/haj\/fotky-nasi-skolky\/dsc_6343\/'><img width=\"150\" height=\"150\" src=\"https:\/\/skolkahaj.cz\/haj\/wp-content\/uploads\/sites\/4\/2022\/11\/DSC_6343-150x150.jpg\" class=\"attachment-thumbnail size-thumbnail\" alt=\"\" loading=\"lazy\" \/><\/a><span class=\"gallery-item-caption\">DSC_6343<\/span><\/figure><\/div><div class=\"gallery-item\"><a href='https:\/\/skolkahaj.cz\/haj\/fotky-nasi-skolky\/dsc_6342\/'><img width=\"150\" height=\"150\" src=\"https:\/\/skolkahaj.cz\/haj\/wp-content\/uploads\/sites\/4\/2022\/11\/DSC_6342-150x150.jpg\" class=\"attachment-thumbnail size-thumbnail\" alt=\"\" loading=\"lazy\" \/><\/a><span class=\"gallery-item-caption\">DSC_6342<\/span><\/figure><\/div><\/div>\n<h2>\u017dlut\u00e1 t\u0159\u00edda<\/h2>\n<div id=\"gallery-222\" class=\"gallery\"><div class=\"gallery-item\"><a href='https:\/\/skolkahaj.cz\/haj\/fotky-nasi-skolky\/dsc_6328\/'><img width=\"150\" height=\"150\" src=\"https:\/\/skolkahaj.cz\/haj\/wp-content\/uploads\/sites\/4\/2022\/11\/DSC_6328-150x150.jpg\" class=\"attachment-thumbnail size-thumbnail\" alt=\"\" loading=\"lazy\" \/><\/a><span class=\"gallery-item-caption\">DSC_6328<\/span><\/figure><\/div><div class=\"gallery-item\"><a href='https:\/\/skolkahaj.cz\/haj\/fotky-nasi-skolky\/dsc_6329\/'><img width=\"150\" height=\"150\" src=\"https:\/\/skolkahaj.cz\/haj\/wp-content\/uploads\/sites\/4\/2022\/11\/DSC_6329-150x150.jpg\" class=\"attachment-thumbnail size-thumbnail\" alt=\"\" loading=\"lazy\" \/><\/a><span class=\"gallery-item-caption\">DSC_6329<\/span><\/figure><\/div><div class=\"gallery-item\"><a href='https:\/\/skolkahaj.cz\/haj\/fotky-nasi-skolky\/dsc_6330\/'><img width=\"150\" height=\"150\" src=\"https:\/\/skolkahaj.cz\/haj\/wp-content\/uploads\/sites\/4\/2022\/11\/DSC_6330-150x150.jpg\" class=\"attachment-thumbnail size-thumbnail\" alt=\"\" loading=\"lazy\" \/><\/a><span class=\"gallery-item-caption\">DSC_6330<\/span><\/figure><\/div><div class=\"gallery-item\"><a href='https:\/\/skolkahaj.cz\/haj\/fotky-nasi-skolky\/dsc_6331\/'><img width=\"150\" height=\"150\" src=\"https:\/\/skolkahaj.cz\/haj\/wp-content\/uploads\/sites\/4\/2022\/11\/DSC_6331-150x150.jpg\" class=\"attachment-thumbnail size-thumbnail\" alt=\"\" loading=\"lazy\" \/><\/a><span class=\"gallery-item-caption\">DSC_6331<\/span><\/figure><\/div><div class=\"gallery-item\"><a href='https:\/\/skolkahaj.cz\/haj\/fotky-nasi-skolky\/dsc_6332\/'><img width=\"150\" height=\"150\" src=\"https:\/\/skolkahaj.cz\/haj\/wp-content\/uploads\/sites\/4\/2022\/11\/DSC_6332-150x150.jpg\" class=\"attachment-thumbnail size-thumbnail\" alt=\"\" loading=\"lazy\" \/><\/a><span class=\"gallery-item-caption\">DSC_6332<\/span><\/figure><\/div><div class=\"gallery-item\"><a href='https:\/\/skolkahaj.cz\/haj\/fotky-nasi-skolky\/dsc_6333\/'><img width=\"150\" height=\"150\" src=\"https:\/\/skolkahaj.cz\/haj\/wp-content\/uploads\/sites\/4\/2022\/11\/DSC_6333-150x150.jpg\" class=\"attachment-thumbnail size-thumbnail\" alt=\"\" loading=\"lazy\" \/><\/a><span class=\"gallery-item-caption\">DSC_6333<\/span><\/figure><\/div><\/div>\n<p>&nbsp;<\/p>\n","protected":false},"excerpt":{"rendered":"<p>Fotky na\u0161\u00ed \u0161kolky Pod\u00edvejte se na fotky: \u010cerven\u00e1 t\u0159\u00edda \u00a0Modr\u00e1 t\u0159\u00edda \u017dlut\u00e1 t\u0159\u00edda &nbsp;<\/p>\n","protected":false},"author":3,"featured_media":0,"parent":0,"menu_order":0,"comment_status":"closed","ping_status":"closed","template":"","meta":[],"_links":{"self":[{"href":"https:\/\/skolkahaj.cz\/haj\/wp-json\/wp\/v2\/pages\/222"}],"collection":[{"href":"https:\/\/skolkahaj.cz\/haj\/wp-json\/wp\/v2\/pages"}],"about":[{"href":"https:\/\/skolkahaj.cz\/haj\/wp-json\/wp\/v2\/types\/page"}],"author":[{"embeddable":true,"href":"https:\/\/skolkahaj.cz\/haj\/wp-json\/wp\/v2\/users\/3"}],"replies":[{"embeddable":true,"href":"https:\/\/skolkahaj.cz\/haj\/wp-json\/wp\/v2\/comments?post=222"}],"version-history":[{"count":4,"href":"https:\/\/skolkahaj.cz\/haj\/wp-json\/wp\/v2\/pages\/222\/revisions"}],"predecessor-version":[{"id":271,"href":"https:\/\/skolkahaj.cz\/haj\/wp-json\/wp\/v2\/pages\/222\/revisions\/271"}],"wp:attachment":[{"href":"https:\/\/skolkahaj.cz\/haj\/wp-json\/wp\/v2\/media?parent=222"}],"curies":[{"name":"wp","href":"https:\/\/api.w.org\/{rel}","templated":true}]}}